{"id":93,"date":"2022-04-26T14:04:00","date_gmt":"2022-04-26T12:04:00","guid":{"rendered":"http:\/\/krainaczterechkultur.pl\/?page_id=93"},"modified":"2022-04-28T15:05:14","modified_gmt":"2022-04-28T13:05:14","slug":"o-nas","status":"publish","type":"page","link":"https:\/\/krainaczterechkultur.pl\/?page_id=93","title":{"rendered":"O nas"},"content":{"rendered":"\n<p>Stowarzyszenie stymuluje zr\u00f3wnowa\u017cony rozw\u00f3j obszar\u00f3w wiejskich, miejskich i miejsko-wiejskich, sprawnie wykorzystuje potencja\u0142 rozwojowy terenu dzia\u0142ania, wp\u0142ywa na popraw\u0119 jako\u015bci \u017cycia spo\u0142eczno\u015bci lokalnej oraz wzrost atrakcyjno\u015bci miejsca zamieszkania i prowadzenia dzia\u0142alno\u015bci gospodarczej, a tak\u017ce na aktywizacj\u0119 oraz wsp\u00f3\u0142prac\u0119 lokalnych \u015brodowisk. realizuje swoje cele w szczeg\u00f3lno\u015bci poprzez:<br>1) wdra\u017canie do realizacji lokalnej strategii rozwoju,<br>2) wdra\u017canie innych program\u00f3w operacyjnych obowi\u0105zuj\u0105cych dla Polski,<br>3) przeprowadzanie bada\u0144, ekspertyz i analiz maj\u0105cych na celu poznanie potencja\u0142u zasob\u00f3w \u015brodowiska i gospodarki regionu dla cel\u00f3w opracowywania strategii rozwoju regionu,<br>4) organizowanie spotka\u0144 grup dyskusyjnych maj\u0105cych na celu informowanie mieszka\u0144c\u00f3w o mo\u017cliwych drogach rozwoju zr\u00f3wnowa\u017conego regionu,<br>5) zach\u0119canie spo\u0142eczno\u015bci lokalnej do aktywnego uczestnictwa w spotkaniach informacyjnych dyskusyjnych,<br>6) wsp\u00f3\u0142prac\u0119 i wymian\u0119 do\u015bwiadcze\u0144 z instytucjami publicznymi i organizacjami pozarz\u0105dowymi, dzia\u0142aj\u0105cymi w zakresie obj\u0119tym celem stowarzyszenia na poziomie krajowym mi\u0119dzynarodowym,<br>7) promocj\u0119 i informacj\u0119 dotycz\u0105c\u0105 za\u0142o\u017ce\u0144 i sposobu realizacji lokalnej strategii rozwoju,<br>8) informowanie, pomoc szkoleniow\u0105 i doradcz\u0105 w zakresie zasad przyznawania, przygotowywania i realizacji projekt\u00f3w w ramach prow i lokalnej strategii rozwoju<br>9) organizacj\u0119 imprez promuj\u0105cych region, jego produkty, us\u0142ugi, kultur\u0119, sztuk\u0119,<br>10) prowadzenie szeroko rozumianych dzia\u0142a\u0144 szkoleniowych, warsztatowych, edukacyjnych, kulturalnoo\u015bwiatowych i informacyjnych,<br>11) wsparcie rozwoju samorz\u0105dno\u015bci lokalnej,<br>12) realizacja inicjatyw i dzia\u0142a\u0144 na rzecz rozwoju r\u00f3\u017cnych form turystyki,<br>12) wspieranie dzia\u0142a\u0144 dotycz\u0105cych zachowania i odbudowy dziedzictwa kulturowego,<br>14) przeciwdzia\u0142anie wykluczeniu spo\u0142ecznemu,<br>15) wspieranie dzia\u0142a\u0144 na rzecz rynku pracy w zakresie aktywizacji i \u0142agodzenia skutk\u00f3w bezrobocia<\/p>\n","protected":false},"excerpt":{"rendered":"<p>Stowarzyszenie stymuluje zr\u00f3wnowa\u017cony rozw\u00f3j obszar\u00f3w wiejskich, miejskich i miejsko-wiejskich, sprawnie wykorzystuje potencja\u0142 rozwojowy terenu dzia\u0142ania, wp\u0142ywa na popraw\u0119 jako\u015bci \u017cycia spo\u0142eczno\u015bci lokalnej oraz wzrost atrakcyjno\u015bci miejsca zamieszkania i prowadzenia dzia\u0142alno\u015bci gospodarczej, a tak\u017ce na aktywizacj\u0119 oraz wsp\u00f3\u0142prac\u0119 lokalnych \u015brodowisk. realizuje swoje cele w szczeg\u00f3lno\u015bci poprzez:1) [&hellip;]<\/p>\n","protected":false},"author":1,"featured_media":0,"parent":0,"menu_order":0,"comment_status":"closed","ping_status":"closed","template":"","meta":{"footnotes":""},"yoast_head":"<!-- This site is optimized with the Yoast SEO plugin v18.6 - https:\/\/yoast.com\/wordpress\/plugins\/seo\/ -->\n<title>O nas - Kraina Czterech Kultur<\/title>\n<meta name=\"robots\" content=\"index, follow, max-snippet:-1, max-image-preview:large, max-video-preview:-1\" \/>\n<link rel=\"canonical\" href=\"https:\/\/krainaczterechkultur.pl\/?page_id=93\" \/>\n<meta property=\"og:locale\" content=\"pl_PL\" \/>\n<meta property=\"og:type\" content=\"article\" \/>\n<meta property=\"og:title\" content=\"O nas - Kraina Czterech Kultur\" \/>\n<meta property=\"og:description\" content=\"Stowarzyszenie stymuluje zr\u00f3wnowa\u017cony rozw\u00f3j obszar\u00f3w wiejskich, miejskich i miejsko-wiejskich, sprawnie wykorzystuje potencja\u0142 rozwojowy terenu dzia\u0142ania, wp\u0142ywa na popraw\u0119 jako\u015bci \u017cycia spo\u0142eczno\u015bci lokalnej oraz wzrost atrakcyjno\u015bci miejsca zamieszkania i prowadzenia dzia\u0142alno\u015bci gospodarczej, a tak\u017ce na aktywizacj\u0119 oraz wsp\u00f3\u0142prac\u0119 lokalnych \u015brodowisk. realizuje swoje cele w szczeg\u00f3lno\u015bci poprzez:1) [&hellip;]\" \/>\n<meta property=\"og:url\" content=\"https:\/\/krainaczterechkultur.pl\/?page_id=93\" \/>\n<meta property=\"og:site_name\" content=\"Kraina Czterech Kultur\" \/>\n<meta property=\"article:modified_time\" content=\"2022-04-28T13:05:14+00:00\" \/>\n<meta name=\"twitter:card\" content=\"summary_large_image\" \/>\n<meta name=\"twitter:label1\" content=\"Szacowany czas czytania\" \/>\n\t<meta name=\"twitter:data1\" content=\"2 minuty\" \/>\n<script type=\"application\/ld+json\" class=\"yoast-schema-graph\">{\"@context\":\"https:\/\/schema.org\",\"@graph\":[{\"@type\":\"WebSite\",\"@id\":\"https:\/\/krainaczterechkultur.pl\/#website\",\"url\":\"https:\/\/krainaczterechkultur.pl\/\",\"name\":\"Kraina Czterech Kultur\",\"description\":\"\",\"potentialAction\":[{\"@type\":\"SearchAction\",\"target\":{\"@type\":\"EntryPoint\",\"urlTemplate\":\"https:\/\/krainaczterechkultur.pl\/?s={search_term_string}\"},\"query-input\":\"required name=search_term_string\"}],\"inLanguage\":\"pl-PL\"},{\"@type\":\"WebPage\",\"@id\":\"https:\/\/krainaczterechkultur.pl\/?page_id=93#webpage\",\"url\":\"https:\/\/krainaczterechkultur.pl\/?page_id=93\",\"name\":\"O nas - Kraina Czterech Kultur\",\"isPartOf\":{\"@id\":\"https:\/\/krainaczterechkultur.pl\/#website\"},\"datePublished\":\"2022-04-26T12:04:00+00:00\",\"dateModified\":\"2022-04-28T13:05:14+00:00\",\"breadcrumb\":{\"@id\":\"https:\/\/krainaczterechkultur.pl\/?page_id=93#breadcrumb\"},\"inLanguage\":\"pl-PL\",\"potentialAction\":[{\"@type\":\"ReadAction\",\"target\":[\"https:\/\/krainaczterechkultur.pl\/?page_id=93\"]}]},{\"@type\":\"BreadcrumbList\",\"@id\":\"https:\/\/krainaczterechkultur.pl\/?page_id=93#breadcrumb\",\"itemListElement\":[{\"@type\":\"ListItem\",\"position\":1,\"name\":\"Home\",\"item\":\"https:\/\/krainaczterechkultur.pl\/\"},{\"@type\":\"ListItem\",\"position\":2,\"name\":\"O nas\"}]}]}<\/script>\n<!-- \/ Yoast SEO plugin. -->","yoast_head_json":{"title":"O nas - Kraina Czterech Kultur","robots":{"index":"index","follow":"follow","max-snippet":"max-snippet:-1","max-image-preview":"max-image-preview:large","max-video-preview":"max-video-preview:-1"},"canonical":"https:\/\/krainaczterechkultur.pl\/?page_id=93","og_locale":"pl_PL","og_type":"article","og_title":"O nas - Kraina Czterech Kultur","og_description":"Stowarzyszenie stymuluje zr\u00f3wnowa\u017cony rozw\u00f3j obszar\u00f3w wiejskich, miejskich i miejsko-wiejskich, sprawnie wykorzystuje potencja\u0142 rozwojowy terenu dzia\u0142ania, wp\u0142ywa na popraw\u0119 jako\u015bci \u017cycia spo\u0142eczno\u015bci lokalnej oraz wzrost atrakcyjno\u015bci miejsca zamieszkania i prowadzenia dzia\u0142alno\u015bci gospodarczej, a tak\u017ce na aktywizacj\u0119 oraz wsp\u00f3\u0142prac\u0119 lokalnych \u015brodowisk. realizuje swoje cele w szczeg\u00f3lno\u015bci poprzez:1) [&hellip;]","og_url":"https:\/\/krainaczterechkultur.pl\/?page_id=93","og_site_name":"Kraina Czterech Kultur","article_modified_time":"2022-04-28T13:05:14+00:00","twitter_card":"summary_large_image","twitter_misc":{"Szacowany czas czytania":"2 minuty"},"schema":{"@context":"https:\/\/schema.org","@graph":[{"@type":"WebSite","@id":"https:\/\/krainaczterechkultur.pl\/#website","url":"https:\/\/krainaczterechkultur.pl\/","name":"Kraina Czterech Kultur","description":"","potentialAction":[{"@type":"SearchAction","target":{"@type":"EntryPoint","urlTemplate":"https:\/\/krainaczterechkultur.pl\/?s={search_term_string}"},"query-input":"required name=search_term_string"}],"inLanguage":"pl-PL"},{"@type":"WebPage","@id":"https:\/\/krainaczterechkultur.pl\/?page_id=93#webpage","url":"https:\/\/krainaczterechkultur.pl\/?page_id=93","name":"O nas - Kraina Czterech Kultur","isPartOf":{"@id":"https:\/\/krainaczterechkultur.pl\/#website"},"datePublished":"2022-04-26T12:04:00+00:00","dateModified":"2022-04-28T13:05:14+00:00","breadcrumb":{"@id":"https:\/\/krainaczterechkultur.pl\/?page_id=93#breadcrumb"},"inLanguage":"pl-PL","potentialAction":[{"@type":"ReadAction","target":["https:\/\/krainaczterechkultur.pl\/?page_id=93"]}]},{"@type":"BreadcrumbList","@id":"https:\/\/krainaczterechkultur.pl\/?page_id=93#breadcrumb","itemListElement":[{"@type":"ListItem","position":1,"name":"Home","item":"https:\/\/krainaczterechkultur.pl\/"},{"@type":"ListItem","position":2,"name":"O nas"}]}]}},"_links":{"self":[{"href":"https:\/\/krainaczterechkultur.pl\/index.php?rest_route=\/wp\/v2\/pages\/93"}],"collection":[{"href":"https:\/\/krainaczterechkultur.pl\/index.php?rest_route=\/wp\/v2\/pages"}],"about":[{"href":"https:\/\/krainaczterechkultur.pl\/index.php?rest_route=\/wp\/v2\/types\/page"}],"author":[{"embeddable":true,"href":"https:\/\/krainaczterechkultur.pl\/index.php?rest_route=\/wp\/v2\/users\/1"}],"replies":[{"embeddable":true,"href":"https:\/\/krainaczterechkultur.pl\/index.php?rest_route=%2Fwp%2Fv2%2Fcomments&post=93"}],"version-history":[{"count":5,"href":"https:\/\/krainaczterechkultur.pl\/index.php?rest_route=\/wp\/v2\/pages\/93\/revisions"}],"predecessor-version":[{"id":125,"href":"https:\/\/krainaczterechkultur.pl\/index.php?rest_route=\/wp\/v2\/pages\/93\/revisions\/125"}],"wp:attachment":[{"href":"https:\/\/krainaczterechkultur.pl\/index.php?rest_route=%2Fwp%2Fv2%2Fmedia&parent=93"}],"curies":[{"name":"wp","href":"https:\/\/api.w.org\/{rel}","templated":true}]}}