{"id":102,"date":"2022-04-26T14:10:38","date_gmt":"2022-04-26T12:10:38","guid":{"rendered":"http:\/\/krainaczterechkultur.pl\/?page_id=102"},"modified":"2022-08-02T08:16:23","modified_gmt":"2022-08-02T06:16:23","slug":"kontakt","status":"publish","type":"page","link":"https:\/\/krainaczterechkultur.pl\/?page_id=102","title":{"rendered":"Kontakt"},"content":{"rendered":"\n<p>Dane do kontaktu:<br>mail: krainaczterechkultur@interia.pl<br>telefon: 730 993 102<\/p>\n\n\n\n<p><a href=\"https:\/\/www.facebook.com\/watch\/Lokalna-Grupa-Dzia%C5%82ania-Kraina-Czterech-Kultur-103586745681146\/\"><strong>Facebook<\/strong><\/a><\/p>\n\n\n\n<p class=\"has-text-align-left\">adres:<br>ul. Joachima Lelewela 1C<br>16-100 Sok\u00f3\u0142ka<\/p>\n\n\n\n<p>Godziny pracy biura:<br>Poniedzia\u0142ek \u2013 7:30 \u2013 15:30<br>Wtorek \u2013 7:30 \u2013 15:30<br>\u015aroda \u2013 7:30 \u2013 15:30<br>Czwartek \u2013 7:30 \u2013 15:30<br>Pi\u0105tek \u2013 7:30 \u2013 15:30<\/p>\n","protected":false},"excerpt":{"rendered":"<p>Dane do kontaktu:mail: krainaczterechkultur@interia.pltelefon: 730 993 102 Facebook adres:ul. Joachima Lelewela 1C16-100 Sok\u00f3\u0142ka Godziny pracy biura:Poniedzia\u0142ek \u2013 7:30 \u2013 15:30Wtorek \u2013 7:30 \u2013 15:30\u015aroda \u2013 7:30 \u2013 15:30Czwartek \u2013 7:30 \u2013 15:30Pi\u0105tek \u2013 7:30 \u2013 15:30<\/p>\n","protected":false},"author":3,"featured_media":0,"parent":0,"menu_order":0,"comment_status":"closed","ping_status":"closed","template":"","meta":{"footnotes":""},"yoast_head":"<!-- This site is optimized with the Yoast SEO plugin v18.6 - https:\/\/yoast.com\/wordpress\/plugins\/seo\/ -->\n<title>Kontakt - Kraina Czterech Kultur<\/title>\n<meta name=\"robots\" content=\"index, follow, max-snippet:-1, max-image-preview:large, max-video-preview:-1\" \/>\n<link rel=\"canonical\" href=\"https:\/\/krainaczterechkultur.pl\/?page_id=102\" \/>\n<meta property=\"og:locale\" content=\"pl_PL\" \/>\n<meta property=\"og:type\" content=\"article\" \/>\n<meta property=\"og:title\" content=\"Kontakt - Kraina Czterech Kultur\" \/>\n<meta property=\"og:description\" content=\"Dane do kontaktu:mail: krainaczterechkultur@interia.pltelefon: 730 993 102 Facebook adres:ul. Joachima Lelewela 1C16-100 Sok\u00f3\u0142ka Godziny pracy biura:Poniedzia\u0142ek \u2013 7:30 \u2013 15:30Wtorek \u2013 7:30 \u2013 15:30\u015aroda \u2013 7:30 \u2013 15:30Czwartek \u2013 7:30 \u2013 15:30Pi\u0105tek \u2013 7:30 \u2013 15:30\" \/>\n<meta property=\"og:url\" content=\"https:\/\/krainaczterechkultur.pl\/?page_id=102\" \/>\n<meta property=\"og:site_name\" content=\"Kraina Czterech Kultur\" \/>\n<meta property=\"article:modified_time\" content=\"2022-08-02T06:16:23+00:00\" \/>\n<meta name=\"twitter:card\" content=\"summary_large_image\" \/>\n<meta name=\"twitter:label1\" content=\"Szacowany czas czytania\" \/>\n\t<meta name=\"twitter:data1\" content=\"1 minuta\" \/>\n<script type=\"application\/ld+json\" class=\"yoast-schema-graph\">{\"@context\":\"https:\/\/schema.org\",\"@graph\":[{\"@type\":\"WebSite\",\"@id\":\"https:\/\/krainaczterechkultur.pl\/#website\",\"url\":\"https:\/\/krainaczterechkultur.pl\/\",\"name\":\"Kraina Czterech Kultur\",\"description\":\"\",\"potentialAction\":[{\"@type\":\"SearchAction\",\"target\":{\"@type\":\"EntryPoint\",\"urlTemplate\":\"https:\/\/krainaczterechkultur.pl\/?s={search_term_string}\"},\"query-input\":\"required name=search_term_string\"}],\"inLanguage\":\"pl-PL\"},{\"@type\":\"WebPage\",\"@id\":\"https:\/\/krainaczterechkultur.pl\/?page_id=102#webpage\",\"url\":\"https:\/\/krainaczterechkultur.pl\/?page_id=102\",\"name\":\"Kontakt - Kraina Czterech Kultur\",\"isPartOf\":{\"@id\":\"https:\/\/krainaczterechkultur.pl\/#website\"},\"datePublished\":\"2022-04-26T12:10:38+00:00\",\"dateModified\":\"2022-08-02T06:16:23+00:00\",\"breadcrumb\":{\"@id\":\"https:\/\/krainaczterechkultur.pl\/?page_id=102#breadcrumb\"},\"inLanguage\":\"pl-PL\",\"potentialAction\":[{\"@type\":\"ReadAction\",\"target\":[\"https:\/\/krainaczterechkultur.pl\/?page_id=102\"]}]},{\"@type\":\"BreadcrumbList\",\"@id\":\"https:\/\/krainaczterechkultur.pl\/?page_id=102#breadcrumb\",\"itemListElement\":[{\"@type\":\"ListItem\",\"position\":1,\"name\":\"Home\",\"item\":\"https:\/\/krainaczterechkultur.pl\/\"},{\"@type\":\"ListItem\",\"position\":2,\"name\":\"Kontakt\"}]}]}<\/script>\n<!-- \/ Yoast SEO plugin. -->","yoast_head_json":{"title":"Kontakt - Kraina Czterech Kultur","robots":{"index":"index","follow":"follow","max-snippet":"max-snippet:-1","max-image-preview":"max-image-preview:large","max-video-preview":"max-video-preview:-1"},"canonical":"https:\/\/krainaczterechkultur.pl\/?page_id=102","og_locale":"pl_PL","og_type":"article","og_title":"Kontakt - Kraina Czterech Kultur","og_description":"Dane do kontaktu:mail: krainaczterechkultur@interia.pltelefon: 730 993 102 Facebook adres:ul. Joachima Lelewela 1C16-100 Sok\u00f3\u0142ka Godziny pracy biura:Poniedzia\u0142ek \u2013 7:30 \u2013 15:30Wtorek \u2013 7:30 \u2013 15:30\u015aroda \u2013 7:30 \u2013 15:30Czwartek \u2013 7:30 \u2013 15:30Pi\u0105tek \u2013 7:30 \u2013 15:30","og_url":"https:\/\/krainaczterechkultur.pl\/?page_id=102","og_site_name":"Kraina Czterech Kultur","article_modified_time":"2022-08-02T06:16:23+00:00","twitter_card":"summary_large_image","twitter_misc":{"Szacowany czas czytania":"1 minuta"},"schema":{"@context":"https:\/\/schema.org","@graph":[{"@type":"WebSite","@id":"https:\/\/krainaczterechkultur.pl\/#website","url":"https:\/\/krainaczterechkultur.pl\/","name":"Kraina Czterech Kultur","description":"","potentialAction":[{"@type":"SearchAction","target":{"@type":"EntryPoint","urlTemplate":"https:\/\/krainaczterechkultur.pl\/?s={search_term_string}"},"query-input":"required name=search_term_string"}],"inLanguage":"pl-PL"},{"@type":"WebPage","@id":"https:\/\/krainaczterechkultur.pl\/?page_id=102#webpage","url":"https:\/\/krainaczterechkultur.pl\/?page_id=102","name":"Kontakt - Kraina Czterech Kultur","isPartOf":{"@id":"https:\/\/krainaczterechkultur.pl\/#website"},"datePublished":"2022-04-26T12:10:38+00:00","dateModified":"2022-08-02T06:16:23+00:00","breadcrumb":{"@id":"https:\/\/krainaczterechkultur.pl\/?page_id=102#breadcrumb"},"inLanguage":"pl-PL","potentialAction":[{"@type":"ReadAction","target":["https:\/\/krainaczterechkultur.pl\/?page_id=102"]}]},{"@type":"BreadcrumbList","@id":"https:\/\/krainaczterechkultur.pl\/?page_id=102#breadcrumb","itemListElement":[{"@type":"ListItem","position":1,"name":"Home","item":"https:\/\/krainaczterechkultur.pl\/"},{"@type":"ListItem","position":2,"name":"Kontakt"}]}]}},"_links":{"self":[{"href":"https:\/\/krainaczterechkultur.pl\/index.php?rest_route=\/wp\/v2\/pages\/102"}],"collection":[{"href":"https:\/\/krainaczterechkultur.pl\/index.php?rest_route=\/wp\/v2\/pages"}],"about":[{"href":"https:\/\/krainaczterechkultur.pl\/index.php?rest_route=\/wp\/v2\/types\/page"}],"author":[{"embeddable":true,"href":"https:\/\/krainaczterechkultur.pl\/index.php?rest_route=\/wp\/v2\/users\/3"}],"replies":[{"embeddable":true,"href":"https:\/\/krainaczterechkultur.pl\/index.php?rest_route=%2Fwp%2Fv2%2Fcomments&post=102"}],"version-history":[{"count":7,"href":"https:\/\/krainaczterechkultur.pl\/index.php?rest_route=\/wp\/v2\/pages\/102\/revisions"}],"predecessor-version":[{"id":210,"href":"https:\/\/krainaczterechkultur.pl\/index.php?rest_route=\/wp\/v2\/pages\/102\/revisions\/210"}],"wp:attachment":[{"href":"https:\/\/krainaczterechkultur.pl\/index.php?rest_route=%2Fwp%2Fv2%2Fmedia&parent=102"}],"curies":[{"name":"wp","href":"https:\/\/api.w.org\/{rel}","templated":true}]}}